{"id":884,"date":"2021-03-11T13:54:29","date_gmt":"2021-03-11T12:54:29","guid":{"rendered":"https:\/\/stojanmedical.com\/sma\/?page_id=884"},"modified":"2022-05-06T14:08:51","modified_gmt":"2022-05-06T12:08:51","slug":"location-laser","status":"publish","type":"page","link":"https:\/\/stojanmedical.com\/sma\/fr\/produits-et-services\/location-laser\/","title":{"rendered":"Location de laser"},"content":{"rendered":"<div class=\"nm-product-wrapper\">\r\n\t<div class=\"nm-product-info\">\r\n\t\t<div>\r\n\t\t\t<ul style=\"margin-left: 0px;\">\r\n\t\t\t\t<li>Peut \u00eatre utilis\u00e9 en urologie pour l&#8217;HBP, les st\u00e9noses, les condylomes au moyen de la vaporisation\/r\u00e9section au laser<\/li>\r\n\t\t\t\t<li>Peut \u00eatre aussi utilis\u00e9 en gyn\u00e9cologie, neurochirurgie, ORL<\/li>\r\n\t\t\t\t<li>Location \u00e0 la journ\u00e9e en fonction de la demande<\/li>\r\n\t\t\t\t<li>Fibres laser r\u00e9utilisables<\/li>\r\n\t\t\t\t<li>Traitement de l&#8217;h\u00e9morragie<\/li>\r\n\t\t\t\t<li>Pr\u00e9l\u00e8vement de tissu histologique<\/li>\r\n\t\t\t\t<li>Assistance technique<\/li>\r\n\t\t\t<\/ul>\r\n        <\/div> \r\n\t\t<input type=\"checkbox\" id=\"nm-highlights\" checked\/>\r\n\t\t<label class=\"btn-product-page\" for=\"nm-highlights\">\r\n\t\t\t<div class=\"nm-product-label-inner\">\r\n\t\t\t\t<div>\r\n\t\t\t\t\tRevoLix 120 Watt particularit\u00e9s\r\n\t\t\t\t<\/div>\r\n\t\t\t\t<div class=\"nm-product-info-icon\"><\/div>\r\n\t\t\t<\/div>\r\n\t\t<\/label>\r\n\t\t<div class=\"nm-highlights-div nm-product-info-divs\">\r\n\t\t\t<ul>\r\n\t\t\t\t<li>Vaporisation frontale, tir lat\u00e9ral et technique de coupe<\/li>\r\n\t\t\t\t<li>R\u00e9colte de tissu histologique<\/li>\r\n\t\t\t\t<li>an\u00e9mique<\/li>\r\n\t\t\t<\/ul>\r\n\t\t<\/div>\r\n\r\n\t\t<input type=\"checkbox\" id=\"nm-specs\" checked\/>\r\n\t\t<label class=\"btn-product-page\" for=\"nm-specs\">\r\n\t\t\t<div class=\"nm-product-label-inner\">\r\n\t\t\t\t<div>\r\n\t\t\t\t\tRevoLix 120 Watt sp\u00e9cifications techniques\r\n\t\t\t\t<\/div>\r\n\t\t\t\t<div class=\"nm-product-info-icon\"><\/div>\r\n\t\t\t<\/div>\r\n\t\t<\/label>\r\n\t\t<div class=\"nm-specs-div nm-product-info-divs\">\r\n\t\t\t<table class=\"nm-specs-table\">\r\n\t\t\t\t<tr>\r\n\t\t\t\t\t<td>Syst\u00e8me laser<\/td>\r\n\t\t\t\t\t<td>Thulium-YAG Laser<\/td>\r\n\t\t\t\t<\/tr>\r\n\t\t\t\t<tr>\r\n\t\t\t\t\t<td>Longueur d&#8217;onde<\/td>\r\n\t\t\t\t\t<td>2013 nm<\/td>\r\n\t\t\t\t<\/tr>\r\n\t\t\t\t<tr>\r\n\t\t\t\t\t<td>Puissance<\/td>\r\n\t\t\t\t\t<td>5-120 W (ajustable)<\/td>\r\n\t\t\t\t<\/tr>\r\n\t\t\t\t<tr>\r\n\t\t\t\t\t<td>Mode de fonctionnement<\/td>\r\n\t\t\t\t\t<td>onde continue<\/td>\r\n\t\t\t\t<\/tr>\r\n\t\t\t\t<tr>\r\n\t\t\t\t\t<td>Syst\u00e8me de refroidissement<\/td>\r\n\t\t\t\t\t<td>refroidissement int\u00e9gr\u00e9<\/td>\r\n\t\t\t\t<\/tr>\r\n\t\t\t\t<tr>\r\n\t\t\t\t\t<td>Dimensions (HxWxL)<\/td>\r\n\t\t\t\t\t<td>1025 mm x 420 mm x 1007 mm<\/td>\r\n\t\t\t\t<\/tr>\r\n\t\t\t\t<tr>\r\n\t\t\t\t\t<td>Poids<\/td>\r\n\t\t\t\t\t<td>170 kg<\/td>\r\n\t\t\t\t<\/tr>\r\n\t\t\t\t<tr>\r\n\t\t\t\t\t<td>Conditions environnementales<\/td>\r\n\t\t\t\t\t<td>15 &#8211; 28 \u00b0C \/ 10 &#8211; 90 % humidit\u00e9<\/td>\r\n\t\t\t\t<\/tr>\r\n\t\t\t<\/table>\r\n\t\t\t\r\n\t\t\t <div class=\"pdf-div-specs\">\r\n\t\t\t\t<div>\r\n\t\t\t\t\t<a href=\"https:\/\/stojanmedical.com\/sma\/wp-content\/uploads\/sites\/2\/2021\/02\/RevoLixIncludingDuoBrochure_en.pdf\" target=\"_blank\" rel=\"noopener\"><table class=\"pdf-table\"><tr><td><img decoding=\"async\" style=\"width:32px; height:38px;\" src=\"https:\/\/stojanmedical.com\/sma\/wp-content\/uploads\/sites\/3\/2021\/02\/PDF_icon_blue.png\" width=\"32\"><\/td><\/tr><tr><td>RevoLixIncludingDuoBrochure_en.pdf<\/td><\/tr><\/table><\/a>\r\n\t\t\t\t<\/div>\r\n\t\t\t<\/div>\r\n\t\t<\/div>\r\n\t<\/div>\r\n\t<div class=\"nm-product-img-wrapper\">\r\n\t\t<div class=\"nm-product-img\">\r\n\t\t\t<img decoding=\"async\" src=\"https:\/\/stojanmedical.com\/sma\/wp-content\/uploads\/sites\/2\/2021\/02\/REVOLIX_120W.png\">\r\n\t\t<\/div>\r\n\t\t<div class=\"nm-product-manufacturer\">\r\n\t\t\t<img decoding=\"async\" src=\"https:\/\/stojanmedical.com\/sma\/wp-content\/uploads\/sites\/3\/2021\/02\/LISA_Logo.jpg\">\t\r\n\t\t<\/div>\r\n\t\t<div class=\"nm-product-contact-div\">\r\n\t\t\t<button class=\"nm-product-contact-button\" onclick=\"window.location.href = 'https:\/\/stojanmedical.com\/sma\/fr\/contact\/';\">Contactez-nous<\/button>\r\n\t\t<\/div>\r\n\t<\/div>\r\n\t\r\n<\/div>\r\n","protected":false},"excerpt":{"rendered":"<p>Peut \u00eatre utilis\u00e9 en urologie pour l&#8217;HBP, les st\u00e9noses, les condylomes au moyen de la vaporisation\/r\u00e9section au laser Peut \u00eatre aussi utilis\u00e9 en gyn\u00e9cologie, neurochirurgie, ORL Location \u00e0 la journ\u00e9e en fonction de la demande Fibres laser r\u00e9utilisables Traitement de l&#8217;h\u00e9morragie Pr\u00e9l\u00e8vement de tissu histologique Assistance technique RevoLix 120 Watt particularit\u00e9s Vaporisation frontale, tir lat\u00e9ral&hellip;<\/p>\n","protected":false},"author":1,"featured_media":0,"parent":881,"menu_order":0,"comment_status":"closed","ping_status":"closed","template":"","meta":{"ngg_post_thumbnail":0,"inline_featured_image":false},"yoast_head":"<!-- This site is optimized with the Yoast SEO plugin v20.4 - https:\/\/yoast.com\/wordpress\/plugins\/seo\/ -->\n<title>Location de laser -<\/title>\n<meta name=\"robots\" content=\"index, follow, max-snippet:-1, max-image-preview:large, max-video-preview:-1\" \/>\n<link rel=\"canonical\" href=\"https:\/\/stojanmedical.com\/sma\/fr\/produits-et-services\/location-laser\/\" \/>\n<meta property=\"og:locale\" content=\"de_DE\" \/>\n<meta property=\"og:type\" content=\"article\" \/>\n<meta property=\"og:title\" content=\"Location de laser -\" \/>\n<meta property=\"og:description\" content=\"Peut \u00eatre utilis\u00e9 en urologie pour l&#8217;HBP, les st\u00e9noses, les condylomes au moyen de la vaporisation\/r\u00e9section au laser Peut \u00eatre aussi utilis\u00e9 en gyn\u00e9cologie, neurochirurgie, ORL Location \u00e0 la journ\u00e9e en fonction de la demande Fibres laser r\u00e9utilisables Traitement de l&#8217;h\u00e9morragie Pr\u00e9l\u00e8vement de tissu histologique Assistance technique RevoLix 120 Watt particularit\u00e9s Vaporisation frontale, tir lat\u00e9ral&hellip;\" \/>\n<meta property=\"og:url\" content=\"https:\/\/stojanmedical.com\/sma\/fr\/produits-et-services\/location-laser\/\" \/>\n<meta property=\"article:modified_time\" content=\"2022-05-06T12:08:51+00:00\" \/>\n<meta property=\"og:image\" content=\"https:\/\/stojanmedical.com\/sma\/wp-content\/uploads\/sites\/3\/2021\/02\/PDF_icon_blue.png\" \/>\n<meta name=\"twitter:card\" content=\"summary_large_image\" \/>\n<meta name=\"twitter:label1\" content=\"Gesch\u00e4tzte Lesezeit\" \/>\n\t<meta name=\"twitter:data1\" content=\"1\u00a0Minute\" \/>\n<script type=\"application\/ld+json\" class=\"yoast-schema-graph\">{\"@context\":\"https:\/\/schema.org\",\"@graph\":[{\"@type\":\"WebPage\",\"@id\":\"https:\/\/stojanmedical.com\/sma\/fr\/produits-et-services\/location-laser\/\",\"url\":\"https:\/\/stojanmedical.com\/sma\/fr\/produits-et-services\/location-laser\/\",\"name\":\"Location de laser -\",\"isPartOf\":{\"@id\":\"https:\/\/stojanmedical.com\/sma\/de\/#website\"},\"datePublished\":\"2021-03-11T12:54:29+00:00\",\"dateModified\":\"2022-05-06T12:08:51+00:00\",\"breadcrumb\":{\"@id\":\"https:\/\/stojanmedical.com\/sma\/fr\/produits-et-services\/location-laser\/#breadcrumb\"},\"inLanguage\":\"de\",\"potentialAction\":[{\"@type\":\"ReadAction\",\"target\":[\"https:\/\/stojanmedical.com\/sma\/fr\/produits-et-services\/location-laser\/\"]}]},{\"@type\":\"BreadcrumbList\",\"@id\":\"https:\/\/stojanmedical.com\/sma\/fr\/produits-et-services\/location-laser\/#breadcrumb\",\"itemListElement\":[{\"@type\":\"ListItem\",\"position\":1,\"name\":\"Startseite\",\"item\":\"https:\/\/stojanmedical.com\/sma\/de\/\"},{\"@type\":\"ListItem\",\"position\":2,\"name\":\"Produits \/ Services\",\"item\":\"https:\/\/stojanmedical.com\/sma\/fr\/produits-et-services\/\"},{\"@type\":\"ListItem\",\"position\":3,\"name\":\"Location de laser\"}]},{\"@type\":\"WebSite\",\"@id\":\"https:\/\/stojanmedical.com\/sma\/de\/#website\",\"url\":\"https:\/\/stojanmedical.com\/sma\/de\/\",\"name\":\"\",\"description\":\"\",\"potentialAction\":[{\"@type\":\"SearchAction\",\"target\":{\"@type\":\"EntryPoint\",\"urlTemplate\":\"https:\/\/stojanmedical.com\/sma\/de\/?s={search_term_string}\"},\"query-input\":\"required name=search_term_string\"}],\"inLanguage\":\"de\"}]}<\/script>\n<!-- \/ Yoast SEO plugin. -->","yoast_head_json":{"title":"Location de laser -","robots":{"index":"index","follow":"follow","max-snippet":"max-snippet:-1","max-image-preview":"max-image-preview:large","max-video-preview":"max-video-preview:-1"},"canonical":"https:\/\/stojanmedical.com\/sma\/fr\/produits-et-services\/location-laser\/","og_locale":"de_DE","og_type":"article","og_title":"Location de laser -","og_description":"Peut \u00eatre utilis\u00e9 en urologie pour l&#8217;HBP, les st\u00e9noses, les condylomes au moyen de la vaporisation\/r\u00e9section au laser Peut \u00eatre aussi utilis\u00e9 en gyn\u00e9cologie, neurochirurgie, ORL Location \u00e0 la journ\u00e9e en fonction de la demande Fibres laser r\u00e9utilisables Traitement de l&#8217;h\u00e9morragie Pr\u00e9l\u00e8vement de tissu histologique Assistance technique RevoLix 120 Watt particularit\u00e9s Vaporisation frontale, tir lat\u00e9ral&hellip;","og_url":"https:\/\/stojanmedical.com\/sma\/fr\/produits-et-services\/location-laser\/","article_modified_time":"2022-05-06T12:08:51+00:00","og_image":[{"url":"https:\/\/stojanmedical.com\/sma\/wp-content\/uploads\/sites\/3\/2021\/02\/PDF_icon_blue.png"}],"twitter_card":"summary_large_image","twitter_misc":{"Gesch\u00e4tzte Lesezeit":"1\u00a0Minute"},"schema":{"@context":"https:\/\/schema.org","@graph":[{"@type":"WebPage","@id":"https:\/\/stojanmedical.com\/sma\/fr\/produits-et-services\/location-laser\/","url":"https:\/\/stojanmedical.com\/sma\/fr\/produits-et-services\/location-laser\/","name":"Location de laser -","isPartOf":{"@id":"https:\/\/stojanmedical.com\/sma\/de\/#website"},"datePublished":"2021-03-11T12:54:29+00:00","dateModified":"2022-05-06T12:08:51+00:00","breadcrumb":{"@id":"https:\/\/stojanmedical.com\/sma\/fr\/produits-et-services\/location-laser\/#breadcrumb"},"inLanguage":"de","potentialAction":[{"@type":"ReadAction","target":["https:\/\/stojanmedical.com\/sma\/fr\/produits-et-services\/location-laser\/"]}]},{"@type":"BreadcrumbList","@id":"https:\/\/stojanmedical.com\/sma\/fr\/produits-et-services\/location-laser\/#breadcrumb","itemListElement":[{"@type":"ListItem","position":1,"name":"Startseite","item":"https:\/\/stojanmedical.com\/sma\/de\/"},{"@type":"ListItem","position":2,"name":"Produits \/ Services","item":"https:\/\/stojanmedical.com\/sma\/fr\/produits-et-services\/"},{"@type":"ListItem","position":3,"name":"Location de laser"}]},{"@type":"WebSite","@id":"https:\/\/stojanmedical.com\/sma\/de\/#website","url":"https:\/\/stojanmedical.com\/sma\/de\/","name":"","description":"","potentialAction":[{"@type":"SearchAction","target":{"@type":"EntryPoint","urlTemplate":"https:\/\/stojanmedical.com\/sma\/de\/?s={search_term_string}"},"query-input":"required name=search_term_string"}],"inLanguage":"de"}]}},"_links":{"self":[{"href":"https:\/\/stojanmedical.com\/sma\/wp-json\/wp\/v2\/pages\/884"}],"collection":[{"href":"https:\/\/stojanmedical.com\/sma\/wp-json\/wp\/v2\/pages"}],"about":[{"href":"https:\/\/stojanmedical.com\/sma\/wp-json\/wp\/v2\/types\/page"}],"author":[{"embeddable":true,"href":"https:\/\/stojanmedical.com\/sma\/wp-json\/wp\/v2\/users\/1"}],"replies":[{"embeddable":true,"href":"https:\/\/stojanmedical.com\/sma\/wp-json\/wp\/v2\/comments?post=884"}],"version-history":[{"count":4,"href":"https:\/\/stojanmedical.com\/sma\/wp-json\/wp\/v2\/pages\/884\/revisions"}],"predecessor-version":[{"id":1073,"href":"https:\/\/stojanmedical.com\/sma\/wp-json\/wp\/v2\/pages\/884\/revisions\/1073"}],"up":[{"embeddable":true,"href":"https:\/\/stojanmedical.com\/sma\/wp-json\/wp\/v2\/pages\/881"}],"wp:attachment":[{"href":"https:\/\/stojanmedical.com\/sma\/wp-json\/wp\/v2\/media?parent=884"}],"curies":[{"name":"wp","href":"https:\/\/api.w.org\/{rel}","templated":true}]}}