{"id":866,"date":"2021-03-11T13:43:18","date_gmt":"2021-03-11T12:43:18","guid":{"rendered":"https:\/\/stojanmedical.com\/sma\/?page_id=866"},"modified":"2021-03-24T16:25:27","modified_gmt":"2021-03-24T15:25:27","slug":"lhistoire","status":"publish","type":"page","link":"https:\/\/stojanmedical.com\/sma\/fr\/compagnie\/lhistoire\/","title":{"rendered":"Histoire"},"content":{"rendered":"<div style=\"margin-top:30px; max-width: 66%; border: 2px solid #f0f0f0; padding: 8px; margin-left:auto; margin-right:auto;\">\r\n<img decoding=\"async\" loading=\"lazy\" src=\"https:\/\/stojanmedical.com\/sma\/wp-content\/uploads\/sites\/2\/2021\/02\/bg_geschichte-300x169.jpg\" alt=\"\" width=\"300\" height=\"169\" class=\"alignnone size-medium wp-image-783\" style=\"float:right;\" srcset=\"https:\/\/stojanmedical.com\/sma\/wp-content\/uploads\/sites\/2\/2021\/02\/bg_geschichte-300x169.jpg 300w, https:\/\/stojanmedical.com\/sma\/wp-content\/uploads\/sites\/2\/2021\/02\/bg_geschichte-1024x576.jpg 1024w, https:\/\/stojanmedical.com\/sma\/wp-content\/uploads\/sites\/2\/2021\/02\/bg_geschichte-768x432.jpg 768w, https:\/\/stojanmedical.com\/sma\/wp-content\/uploads\/sites\/2\/2021\/02\/bg_geschichte-1536x864.jpg 1536w, https:\/\/stojanmedical.com\/sma\/wp-content\/uploads\/sites\/2\/2021\/02\/bg_geschichte.jpg 1920w\" sizes=\"(max-width: 300px) 100vw, 300px\" \/>\r\n\t<p><span style=\"font-family: Arial, serif; font-size:18px; font-weight:bold;\">Curriculum vitae de Libor Stojan<\/span><\/p>\r\n\t<p><span style=\"font-family: Arial, serif;\">Physicien dipl\u00f4m\u00e9<\/span><br>\r\n\t<span style=\"font-family: Arial, serif;\">Directeur g\u00e9n\u00e9ral et Actionnaire<\/span><\/p>\r\n\t<p><\/p>\r\n\t<p><span style=\"font-family: Arial, serif;\">N\u00e9 \u00e0 Brno \/ R\u00e9publique tch\u00e8que<\/span><\/p>\r\n\t<p><\/p>\r\n\t<table class=\"nm-geschichte-table\">\r\n\t<tr>\r\n\t<td class=\"bold\">1978 &#8211; 1979:<\/td>\r\n\t<td>Etudes de physique \u00e0 l&#8217;universit\u00e9 de Brno<\/td>\r\n\t<\/tr>\r\n\t<tr>\r\n\t<td class=\"bold\">1980:<\/td>\r\n\t<td>Immigration vers l&#8217;Allemagne<\/td>\r\n\t<\/tr>\r\n\t<tr>\r\n\t<td class=\"bold\">1981 &#8211; 1986:<\/td>\r\n\t<td>\u00c9tudes de physique \u00e0 l&#8217;universit\u00e9 de Bonn<\/td>\r\n\t<\/tr>\r\n\t<tr>\r\n\t<td class=\"bold\">1987:<\/td>\r\n\t<td>Th\u00e8se de dipl\u00f4me \u00e0 l&#8217;universit\u00e9 de Constance et de Bonn, dipl\u00f4me en physique<\/td>\r\n\t<\/tr>\r\n\t<tr>\r\n\t<td class=\"bold\">1988 &#8211; 1989:<\/td>\r\n\t<td>Th\u00e8se de doctorat \u00e0 l&#8217;universit\u00e9 de Constance dans le domaine de la biophysique<\/td>\r\n\t<\/tr>\r\n\t<tr>\r\n\t<td class=\"bold\">1990 &#8211; 1995:<\/td>\r\n\t<td>Physicien au sein du d\u00e9partement de d\u00e9veloppement et d&#8217;application des produits de Storz Medical AG \u00e0 Kreuzlingen, Suisse<\/td>\r\n\t<\/tr>\r\n\t<tr>\r\n\t<td class=\"bold\">1995:<\/td>\r\n\t<td>Fondation de la soci\u00e9t\u00e9 Stojan Medical Application GmbH (SMA) et gestion avec son \u00e9pouse Jutta Stojan \u00e0 Kreuzlingen, plus tard \u00e0 Landschlacht, Suisse<\/td>\r\n\t<\/tr>\r\n\t<\/table>\r\n\t<p><span style=\"font-family: Arial, serif;\">Stojan Medical Application GmbH (SMA) a commenc\u00e9 en <b>1995<\/b> avec la location quotidienne du lithotripteur &#8222;Dornier Compact S&#8220; et d&#8217;un appareil de thermoth\u00e9rapie par micro-ondes &#8222;Urowave&#8220; aux h\u00f4pitaux et aux cabinets m\u00e9dicaux. Au fil des ans, la client\u00e8le s&#8217;est \u00e9largie, tout comme le nombre et la s\u00e9lection de mat\u00e9riel m\u00e9dical \u00e0 louer et \u00e0 vendre. Depuis lors, des sp\u00e9cialistes de l&#8217;application comp\u00e9tents veillent \u00e0 ce que tout se passe bien et soutiennent les m\u00e9decins dans leurs traitements.<\/span><\/p>\r\n\t<p><\/p>\r\n\t<p><span style=\"font-family: Arial, serif;\">En <b>2013<\/b> Stojan Medical Application GmbH est devenu le repr\u00e9sentant officiel de la soci\u00e9t\u00e9 LISA Laser avec les lasers \u00e0 holmium et \u00e0 thulium (voir &#8222;Produits&#8220;) en Autriche. <\/span><\/p>\r\n\t<p><\/p>\r\n\t<p><span style=\"font-family: Arial, serif;\"  >En <b>2018<\/b> la soci\u00e9t\u00e9 Stojan Medical Systems GmbH (SMS) a \u00e9t\u00e9 fond\u00e9e. Elle est exclusivement responsable de la vente des ur\u00e9t\u00e9roscopes flexibles \u00e0 usage unique de PUSEN Medical et est le repr\u00e9sentant officiel de LISA Laser en Suisse depuis <b> 2020. <\/b>\r\n    <\/span> Le directeur des ventes est David Stojan et son \u00e9quipe. <\/p>\r\n\r\n\r\n\r\n<\/div>","protected":false},"excerpt":{"rendered":"<p>Curriculum vitae de Libor Stojan Physicien dipl\u00f4m\u00e9 Directeur g\u00e9n\u00e9ral et Actionnaire N\u00e9 \u00e0 Brno \/ R\u00e9publique tch\u00e8que 1978 &#8211; 1979: Etudes de physique \u00e0 l&#8217;universit\u00e9 de Brno 1980: Immigration vers l&#8217;Allemagne 1981 &#8211; 1986: \u00c9tudes de physique \u00e0 l&#8217;universit\u00e9 de Bonn 1987: Th\u00e8se de dipl\u00f4me \u00e0 l&#8217;universit\u00e9 de Constance et de Bonn, dipl\u00f4me en physique&hellip;<\/p>\n","protected":false},"author":1,"featured_media":0,"parent":914,"menu_order":0,"comment_status":"closed","ping_status":"closed","template":"","meta":{"ngg_post_thumbnail":0,"inline_featured_image":false},"yoast_head":"<!-- This site is optimized with the Yoast SEO plugin v20.4 - https:\/\/yoast.com\/wordpress\/plugins\/seo\/ -->\n<title>Histoire -<\/title>\n<meta name=\"robots\" content=\"index, follow, max-snippet:-1, max-image-preview:large, max-video-preview:-1\" \/>\n<link rel=\"canonical\" href=\"https:\/\/stojanmedical.com\/sma\/fr\/compagnie\/lhistoire\/\" \/>\n<meta property=\"og:locale\" content=\"de_DE\" \/>\n<meta property=\"og:type\" content=\"article\" \/>\n<meta property=\"og:title\" content=\"Histoire -\" \/>\n<meta property=\"og:description\" content=\"Curriculum vitae de Libor Stojan Physicien dipl\u00f4m\u00e9 Directeur g\u00e9n\u00e9ral et Actionnaire N\u00e9 \u00e0 Brno \/ R\u00e9publique tch\u00e8que 1978 &#8211; 1979: Etudes de physique \u00e0 l&#8217;universit\u00e9 de Brno 1980: Immigration vers l&#8217;Allemagne 1981 &#8211; 1986: \u00c9tudes de physique \u00e0 l&#8217;universit\u00e9 de Bonn 1987: Th\u00e8se de dipl\u00f4me \u00e0 l&#8217;universit\u00e9 de Constance et de Bonn, dipl\u00f4me en physique&hellip;\" \/>\n<meta property=\"og:url\" content=\"https:\/\/stojanmedical.com\/sma\/fr\/compagnie\/lhistoire\/\" \/>\n<meta property=\"article:modified_time\" content=\"2021-03-24T15:25:27+00:00\" \/>\n<meta property=\"og:image\" content=\"https:\/\/stojanmedical.com\/sma\/wp-content\/uploads\/sites\/2\/2021\/02\/bg_geschichte-300x169.jpg\" \/>\n<meta name=\"twitter:card\" content=\"summary_large_image\" \/>\n<meta name=\"twitter:label1\" content=\"Gesch\u00e4tzte Lesezeit\" \/>\n\t<meta name=\"twitter:data1\" content=\"1\u00a0Minute\" \/>\n<script type=\"application\/ld+json\" class=\"yoast-schema-graph\">{\"@context\":\"https:\/\/schema.org\",\"@graph\":[{\"@type\":\"WebPage\",\"@id\":\"https:\/\/stojanmedical.com\/sma\/fr\/compagnie\/lhistoire\/\",\"url\":\"https:\/\/stojanmedical.com\/sma\/fr\/compagnie\/lhistoire\/\",\"name\":\"Histoire -\",\"isPartOf\":{\"@id\":\"https:\/\/stojanmedical.com\/sma\/de\/#website\"},\"datePublished\":\"2021-03-11T12:43:18+00:00\",\"dateModified\":\"2021-03-24T15:25:27+00:00\",\"breadcrumb\":{\"@id\":\"https:\/\/stojanmedical.com\/sma\/fr\/compagnie\/lhistoire\/#breadcrumb\"},\"inLanguage\":\"de\",\"potentialAction\":[{\"@type\":\"ReadAction\",\"target\":[\"https:\/\/stojanmedical.com\/sma\/fr\/compagnie\/lhistoire\/\"]}]},{\"@type\":\"BreadcrumbList\",\"@id\":\"https:\/\/stojanmedical.com\/sma\/fr\/compagnie\/lhistoire\/#breadcrumb\",\"itemListElement\":[{\"@type\":\"ListItem\",\"position\":1,\"name\":\"Startseite\",\"item\":\"https:\/\/stojanmedical.com\/sma\/de\/\"},{\"@type\":\"ListItem\",\"position\":2,\"name\":\"Soci\u00e9t\u00e9\",\"item\":\"https:\/\/stojanmedical.com\/sma\/fr\/compagnie\/\"},{\"@type\":\"ListItem\",\"position\":3,\"name\":\"Histoire\"}]},{\"@type\":\"WebSite\",\"@id\":\"https:\/\/stojanmedical.com\/sma\/de\/#website\",\"url\":\"https:\/\/stojanmedical.com\/sma\/de\/\",\"name\":\"\",\"description\":\"\",\"potentialAction\":[{\"@type\":\"SearchAction\",\"target\":{\"@type\":\"EntryPoint\",\"urlTemplate\":\"https:\/\/stojanmedical.com\/sma\/de\/?s={search_term_string}\"},\"query-input\":\"required name=search_term_string\"}],\"inLanguage\":\"de\"}]}<\/script>\n<!-- \/ Yoast SEO plugin. -->","yoast_head_json":{"title":"Histoire -","robots":{"index":"index","follow":"follow","max-snippet":"max-snippet:-1","max-image-preview":"max-image-preview:large","max-video-preview":"max-video-preview:-1"},"canonical":"https:\/\/stojanmedical.com\/sma\/fr\/compagnie\/lhistoire\/","og_locale":"de_DE","og_type":"article","og_title":"Histoire -","og_description":"Curriculum vitae de Libor Stojan Physicien dipl\u00f4m\u00e9 Directeur g\u00e9n\u00e9ral et Actionnaire N\u00e9 \u00e0 Brno \/ R\u00e9publique tch\u00e8que 1978 &#8211; 1979: Etudes de physique \u00e0 l&#8217;universit\u00e9 de Brno 1980: Immigration vers l&#8217;Allemagne 1981 &#8211; 1986: \u00c9tudes de physique \u00e0 l&#8217;universit\u00e9 de Bonn 1987: Th\u00e8se de dipl\u00f4me \u00e0 l&#8217;universit\u00e9 de Constance et de Bonn, dipl\u00f4me en physique&hellip;","og_url":"https:\/\/stojanmedical.com\/sma\/fr\/compagnie\/lhistoire\/","article_modified_time":"2021-03-24T15:25:27+00:00","og_image":[{"url":"https:\/\/stojanmedical.com\/sma\/wp-content\/uploads\/sites\/2\/2021\/02\/bg_geschichte-300x169.jpg"}],"twitter_card":"summary_large_image","twitter_misc":{"Gesch\u00e4tzte Lesezeit":"1\u00a0Minute"},"schema":{"@context":"https:\/\/schema.org","@graph":[{"@type":"WebPage","@id":"https:\/\/stojanmedical.com\/sma\/fr\/compagnie\/lhistoire\/","url":"https:\/\/stojanmedical.com\/sma\/fr\/compagnie\/lhistoire\/","name":"Histoire -","isPartOf":{"@id":"https:\/\/stojanmedical.com\/sma\/de\/#website"},"datePublished":"2021-03-11T12:43:18+00:00","dateModified":"2021-03-24T15:25:27+00:00","breadcrumb":{"@id":"https:\/\/stojanmedical.com\/sma\/fr\/compagnie\/lhistoire\/#breadcrumb"},"inLanguage":"de","potentialAction":[{"@type":"ReadAction","target":["https:\/\/stojanmedical.com\/sma\/fr\/compagnie\/lhistoire\/"]}]},{"@type":"BreadcrumbList","@id":"https:\/\/stojanmedical.com\/sma\/fr\/compagnie\/lhistoire\/#breadcrumb","itemListElement":[{"@type":"ListItem","position":1,"name":"Startseite","item":"https:\/\/stojanmedical.com\/sma\/de\/"},{"@type":"ListItem","position":2,"name":"Soci\u00e9t\u00e9","item":"https:\/\/stojanmedical.com\/sma\/fr\/compagnie\/"},{"@type":"ListItem","position":3,"name":"Histoire"}]},{"@type":"WebSite","@id":"https:\/\/stojanmedical.com\/sma\/de\/#website","url":"https:\/\/stojanmedical.com\/sma\/de\/","name":"","description":"","potentialAction":[{"@type":"SearchAction","target":{"@type":"EntryPoint","urlTemplate":"https:\/\/stojanmedical.com\/sma\/de\/?s={search_term_string}"},"query-input":"required name=search_term_string"}],"inLanguage":"de"}]}},"_links":{"self":[{"href":"https:\/\/stojanmedical.com\/sma\/wp-json\/wp\/v2\/pages\/866"}],"collection":[{"href":"https:\/\/stojanmedical.com\/sma\/wp-json\/wp\/v2\/pages"}],"about":[{"href":"https:\/\/stojanmedical.com\/sma\/wp-json\/wp\/v2\/types\/page"}],"author":[{"embeddable":true,"href":"https:\/\/stojanmedical.com\/sma\/wp-json\/wp\/v2\/users\/1"}],"replies":[{"embeddable":true,"href":"https:\/\/stojanmedical.com\/sma\/wp-json\/wp\/v2\/comments?post=866"}],"version-history":[{"count":6,"href":"https:\/\/stojanmedical.com\/sma\/wp-json\/wp\/v2\/pages\/866\/revisions"}],"predecessor-version":[{"id":1035,"href":"https:\/\/stojanmedical.com\/sma\/wp-json\/wp\/v2\/pages\/866\/revisions\/1035"}],"up":[{"embeddable":true,"href":"https:\/\/stojanmedical.com\/sma\/wp-json\/wp\/v2\/pages\/914"}],"wp:attachment":[{"href":"https:\/\/stojanmedical.com\/sma\/wp-json\/wp\/v2\/media?parent=866"}],"curies":[{"name":"wp","href":"https:\/\/api.w.org\/{rel}","templated":true}]}}