{"id":549,"date":"2021-02-12T16:38:39","date_gmt":"2021-02-12T15:38:39","guid":{"rendered":"https:\/\/wp.stojanmedical.com\/sma\/?page_id=549"},"modified":"2022-05-06T14:08:06","modified_gmt":"2022-05-06T12:08:06","slug":"eswl-vermietung","status":"publish","type":"page","link":"https:\/\/stojanmedical.com\/sma\/de\/produkte-leistungen\/eswl-vermietung\/","title":{"rendered":"ESWL-Vermietung"},"content":{"rendered":"<div class=\"nm-product-wrapper\">\r\n\t<div class=\"nm-product-info\">\r\n\t\t<input type=\"checkbox\" id=\"nm-highlights\" checked\/>\r\n\t\t<label class=\"btn-product-page\" for=\"nm-highlights\">\r\n\t\t\t<div class=\"nm-product-label-inner\">\r\n\t\t\t\t<div>\r\n\t\t\t\t\tESWL Highlights\r\n\t\t\t\t<\/div>\r\n\t\t\t\t<div class=\"nm-product-info-icon\"><\/div>\r\n\t\t\t<\/div>\r\n\t\t<\/label>\r\n\t\t<div class=\"nm-highlights-div nm-product-info-divs\">\r\n\t\t\t<ul>\r\n\t\t\t\t<li>Vermietung inkl. erfahrenem Techniker<\/li>\r\n\t\t\t\t<li>Flexibel nach Ihrem Bedarf<\/li>\r\n\t\t\t\t<li>R\u00f6ntgen- und Ultraschallortung<\/li>\r\n\t\t\t\t<li>Ihren W\u00fcnschen angepasste L\u00f6sungen<\/li>\r\n\t\t\t\t<li>Weichteilschmerztherapie (ESWT) inkl. IPP, Pseudarthrosen<\/li>\r\n\t\t\t\t<li>7 mobile Lithotripter &#8222;Dornier Compact Delta&#8220;<\/li>\r\n\t\t\t<\/ul>\r\n\t\t<\/div>\r\n\r\n\t\t<input type=\"checkbox\" id=\"nm-specs\" checked\/>\r\n\t\t<label class=\"btn-product-page\" for=\"nm-specs\">\r\n\t\t\t<div class=\"nm-product-label-inner\">\r\n\t\t\t\t<div>\r\n\t\t\t\t\tESWL Technische Spezifikationen\r\n\t\t\t\t<\/div>\r\n\t\t\t\t<div class=\"nm-product-info-icon\"><\/div>\r\n\t\t\t<\/div>\r\n\t\t<\/label>\r\n\t\t<div class=\"nm-specs-div nm-product-info-divs\">\r\n\t\t\t<table class=\"nm-specs-table\">\r\n\t\t\t\t<tr>\r\n\t\t\t\t\t<td class=\"bold\">Transportma\u00dfe<\/td>\r\n\t\t\t\t\t<td>alle Angaben in &#8222;cm&#8220;<\/td>\r\n\t\t\t\t<\/tr>\r\n\t\t\t\t<tr>\r\n\t\t\t\t\t<td>Applikationseinheit<\/td>\r\n\t\t\t\t\t<td>120 x 88 oder 208 x 80 (L x B)<\/td>\r\n\t\t\t\t<\/tr>\r\n\t\t\t\t<tr>\r\n\t\t\t\t\t<td>Liege<\/td>\r\n\t\t\t\t\t<td>250 x 75 oder 165 x 75 (L x B)<\/td>\r\n\t\t\t\t<\/tr>\r\n\t\t\t\t<tr>\r\n\t\t\t\t\t<td>R\u00f6ntgenwagen<\/td>\r\n\t\t\t\t\t<td>110 x 70<\/td>\r\n\t\t\t\t<\/tr>\r\n\t\t\t\t<tr>\r\n\t\t\t\t\t<td>Ultraschallwagen<\/td>\r\n\t\t\t\t\t<td>70 x 70<\/td>\r\n\t\t\t\t<\/tr>\r\n\t\t\t\t<tr>\r\n\t\t\t\t\t<td>Ausr\u00fcstung<\/td>\r\n\t\t\t\t\t<td>&nbsp;<\/td>\r\n\t\t\t\t<\/tr>\r\n\t\t\t\t<tr>\r\n\t\t\t\t\t<td>Aufzug<\/td>\r\n\t\t\t\t\t<td>165 x 90 oder 210 x 82 (L x B)<\/td>\r\n\t\t\t\t<\/tr>\r\n\t\t\t\t<tr>\r\n\t\t\t\t\t<td class=\"bold\">Allgemein<\/td>\r\n\t\t\t\t\t<td>&nbsp;<\/td>\r\n\t\t\t\t<\/tr>\r\n\t\t\t\t<tr>\r\n\t\t\t\t\t<td>Netzspannung<\/td>\r\n\t\t\t\t\t<td>220-240 V, 50\/60 Hz, Absicherung 16 A Tr\u00e4ge<\/td>\r\n\t\t\t\t<\/tr>\r\n\t\t\t\t<tr>\r\n\t\t\t\t\t<td>Deckennutzlast<\/td>\r\n\t\t\t\t\t<td>min. 150 kg\/m\u00b2<\/td>\r\n\t\t\t\t<\/tr>\r\n\t\t\t\t<tr>\r\n\t\t\t\t\t<td>Behandlungsraum<\/td>\r\n\t\t\t\t\t<td>abdunkelbar, von Vorteil<\/td>\r\n\t\t\t\t<\/tr>\r\n\t\t\t\t<tr>\r\n\t\t\t\t\t<td>Raumtemperatur<\/td>\r\n\t\t\t\t\t<td>20 &#8211; 32 \u00b0C<\/td>\r\n\t\t\t\t<\/tr>\r\n\t\t\t\t<tr>\r\n\t\t\t\t<tr>\r\n\t\t\t\t\t<td class=\"bold\">Behandlungsraumma\u00dfe<\/td>\r\n\t\t\t\t\t<td>&nbsp;<\/td>\r\n\t\t\t\t<\/tr>\r\n\t\t\t\t<tr>\r\n\t\t\t\t\t<td colspan=\"2\" style=\"text-align: center;\"><img decoding=\"async\" src=\"https:\/\/stojanmedical.com\/sma\/wp-content\/uploads\/sites\/2\/2021\/02\/Massangabenplan.png\"><\/td>\r\n\t\t\t\t<\/tr>\r\n\t\t\t<\/table>\r\n\t\t\t<div class=\"pdf-div-specs\" style=\"margin:0px;\">\r\n\t\t\t<\/div>\r\n\t\t<\/div>\r\n\t<\/div>\r\n\t<div class=\"nm-product-img-wrapper\">\r\n\t\t<div class=\"nm-product-img\">\r\n\t\t\t<img decoding=\"async\" src=\"https:\/\/stojanmedical.com\/sma\/wp-content\/uploads\/sites\/2\/2021\/02\/delta-freigestellt-2.png\">\t\r\n\t\t<\/div>\r\n\t\t<div class=\"nm-product-contact-div\">\r\n\t\t\t<button class=\"nm-product-contact-button\" onclick=\"window.location.href = 'https:\/\/stojanmedical.com\/sma\/de\/kontakt\/';\">Kontaktieren Sie uns<\/button>\r\n\t\t<\/div>\r\n\t\t\r\n\t<\/div>\r\n<\/div>","protected":false},"excerpt":{"rendered":"<p>ESWL Highlights Vermietung inkl. erfahrenem Techniker Flexibel nach Ihrem Bedarf R\u00f6ntgen- und Ultraschallortung Ihren W\u00fcnschen angepasste L\u00f6sungen Weichteilschmerztherapie (ESWT) inkl. IPP, Pseudarthrosen 7 mobile Lithotripter &#8222;Dornier Compact Delta&#8220; ESWL Technische Spezifikationen Transportma\u00dfe alle Angaben in &#8222;cm&#8220; Applikationseinheit 120 x 88 oder 208 x 80 (L x B) Liege 250 x 75 oder 165 x 75&hellip;<\/p>\n","protected":false},"author":1,"featured_media":0,"parent":6,"menu_order":0,"comment_status":"closed","ping_status":"closed","template":"","meta":{"ngg_post_thumbnail":0,"inline_featured_image":false},"yoast_head":"<!-- This site is optimized with the Yoast SEO plugin v20.4 - https:\/\/yoast.com\/wordpress\/plugins\/seo\/ -->\n<title>ESWL-Vermietung -<\/title>\n<meta name=\"robots\" content=\"index, follow, max-snippet:-1, max-image-preview:large, max-video-preview:-1\" \/>\n<link rel=\"canonical\" href=\"https:\/\/stojanmedical.com\/sma\/de\/produkte-leistungen\/eswl-vermietung\/\" \/>\n<meta property=\"og:locale\" content=\"de_DE\" \/>\n<meta property=\"og:type\" content=\"article\" \/>\n<meta property=\"og:title\" content=\"ESWL-Vermietung -\" \/>\n<meta property=\"og:description\" content=\"ESWL Highlights Vermietung inkl. erfahrenem Techniker Flexibel nach Ihrem Bedarf R\u00f6ntgen- und Ultraschallortung Ihren W\u00fcnschen angepasste L\u00f6sungen Weichteilschmerztherapie (ESWT) inkl. IPP, Pseudarthrosen 7 mobile Lithotripter &#8222;Dornier Compact Delta&#8220; ESWL Technische Spezifikationen Transportma\u00dfe alle Angaben in &#8222;cm&#8220; Applikationseinheit 120 x 88 oder 208 x 80 (L x B) Liege 250 x 75 oder 165 x 75&hellip;\" \/>\n<meta property=\"og:url\" content=\"https:\/\/stojanmedical.com\/sma\/de\/produkte-leistungen\/eswl-vermietung\/\" \/>\n<meta property=\"article:modified_time\" content=\"2022-05-06T12:08:06+00:00\" \/>\n<meta property=\"og:image\" content=\"https:\/\/stojanmedical.com\/sma\/wp-content\/uploads\/sites\/2\/2021\/02\/Massangabenplan.png\" \/>\n<meta name=\"twitter:card\" content=\"summary_large_image\" \/>\n<script type=\"application\/ld+json\" class=\"yoast-schema-graph\">{\"@context\":\"https:\/\/schema.org\",\"@graph\":[{\"@type\":\"WebPage\",\"@id\":\"https:\/\/stojanmedical.com\/sma\/de\/produkte-leistungen\/eswl-vermietung\/\",\"url\":\"https:\/\/stojanmedical.com\/sma\/de\/produkte-leistungen\/eswl-vermietung\/\",\"name\":\"ESWL-Vermietung -\",\"isPartOf\":{\"@id\":\"https:\/\/stojanmedical.com\/sma\/de\/#website\"},\"datePublished\":\"2021-02-12T15:38:39+00:00\",\"dateModified\":\"2022-05-06T12:08:06+00:00\",\"breadcrumb\":{\"@id\":\"https:\/\/stojanmedical.com\/sma\/de\/produkte-leistungen\/eswl-vermietung\/#breadcrumb\"},\"inLanguage\":\"de\",\"potentialAction\":[{\"@type\":\"ReadAction\",\"target\":[\"https:\/\/stojanmedical.com\/sma\/de\/produkte-leistungen\/eswl-vermietung\/\"]}]},{\"@type\":\"BreadcrumbList\",\"@id\":\"https:\/\/stojanmedical.com\/sma\/de\/produkte-leistungen\/eswl-vermietung\/#breadcrumb\",\"itemListElement\":[{\"@type\":\"ListItem\",\"position\":1,\"name\":\"Startseite\",\"item\":\"https:\/\/stojanmedical.com\/sma\/de\/\"},{\"@type\":\"ListItem\",\"position\":2,\"name\":\"Produkte \/ Leistungen\",\"item\":\"https:\/\/stojanmedical.com\/sma\/de\/produkte-leistungen\/\"},{\"@type\":\"ListItem\",\"position\":3,\"name\":\"ESWL-Vermietung\"}]},{\"@type\":\"WebSite\",\"@id\":\"https:\/\/stojanmedical.com\/sma\/de\/#website\",\"url\":\"https:\/\/stojanmedical.com\/sma\/de\/\",\"name\":\"\",\"description\":\"\",\"potentialAction\":[{\"@type\":\"SearchAction\",\"target\":{\"@type\":\"EntryPoint\",\"urlTemplate\":\"https:\/\/stojanmedical.com\/sma\/de\/?s={search_term_string}\"},\"query-input\":\"required name=search_term_string\"}],\"inLanguage\":\"de\"}]}<\/script>\n<!-- \/ Yoast SEO plugin. -->","yoast_head_json":{"title":"ESWL-Vermietung -","robots":{"index":"index","follow":"follow","max-snippet":"max-snippet:-1","max-image-preview":"max-image-preview:large","max-video-preview":"max-video-preview:-1"},"canonical":"https:\/\/stojanmedical.com\/sma\/de\/produkte-leistungen\/eswl-vermietung\/","og_locale":"de_DE","og_type":"article","og_title":"ESWL-Vermietung -","og_description":"ESWL Highlights Vermietung inkl. erfahrenem Techniker Flexibel nach Ihrem Bedarf R\u00f6ntgen- und Ultraschallortung Ihren W\u00fcnschen angepasste L\u00f6sungen Weichteilschmerztherapie (ESWT) inkl. IPP, Pseudarthrosen 7 mobile Lithotripter &#8222;Dornier Compact Delta&#8220; ESWL Technische Spezifikationen Transportma\u00dfe alle Angaben in &#8222;cm&#8220; Applikationseinheit 120 x 88 oder 208 x 80 (L x B) Liege 250 x 75 oder 165 x 75&hellip;","og_url":"https:\/\/stojanmedical.com\/sma\/de\/produkte-leistungen\/eswl-vermietung\/","article_modified_time":"2022-05-06T12:08:06+00:00","og_image":[{"url":"https:\/\/stojanmedical.com\/sma\/wp-content\/uploads\/sites\/2\/2021\/02\/Massangabenplan.png"}],"twitter_card":"summary_large_image","schema":{"@context":"https:\/\/schema.org","@graph":[{"@type":"WebPage","@id":"https:\/\/stojanmedical.com\/sma\/de\/produkte-leistungen\/eswl-vermietung\/","url":"https:\/\/stojanmedical.com\/sma\/de\/produkte-leistungen\/eswl-vermietung\/","name":"ESWL-Vermietung -","isPartOf":{"@id":"https:\/\/stojanmedical.com\/sma\/de\/#website"},"datePublished":"2021-02-12T15:38:39+00:00","dateModified":"2022-05-06T12:08:06+00:00","breadcrumb":{"@id":"https:\/\/stojanmedical.com\/sma\/de\/produkte-leistungen\/eswl-vermietung\/#breadcrumb"},"inLanguage":"de","potentialAction":[{"@type":"ReadAction","target":["https:\/\/stojanmedical.com\/sma\/de\/produkte-leistungen\/eswl-vermietung\/"]}]},{"@type":"BreadcrumbList","@id":"https:\/\/stojanmedical.com\/sma\/de\/produkte-leistungen\/eswl-vermietung\/#breadcrumb","itemListElement":[{"@type":"ListItem","position":1,"name":"Startseite","item":"https:\/\/stojanmedical.com\/sma\/de\/"},{"@type":"ListItem","position":2,"name":"Produkte \/ Leistungen","item":"https:\/\/stojanmedical.com\/sma\/de\/produkte-leistungen\/"},{"@type":"ListItem","position":3,"name":"ESWL-Vermietung"}]},{"@type":"WebSite","@id":"https:\/\/stojanmedical.com\/sma\/de\/#website","url":"https:\/\/stojanmedical.com\/sma\/de\/","name":"","description":"","potentialAction":[{"@type":"SearchAction","target":{"@type":"EntryPoint","urlTemplate":"https:\/\/stojanmedical.com\/sma\/de\/?s={search_term_string}"},"query-input":"required name=search_term_string"}],"inLanguage":"de"}]}},"_links":{"self":[{"href":"https:\/\/stojanmedical.com\/sma\/wp-json\/wp\/v2\/pages\/549"}],"collection":[{"href":"https:\/\/stojanmedical.com\/sma\/wp-json\/wp\/v2\/pages"}],"about":[{"href":"https:\/\/stojanmedical.com\/sma\/wp-json\/wp\/v2\/types\/page"}],"author":[{"embeddable":true,"href":"https:\/\/stojanmedical.com\/sma\/wp-json\/wp\/v2\/users\/1"}],"replies":[{"embeddable":true,"href":"https:\/\/stojanmedical.com\/sma\/wp-json\/wp\/v2\/comments?post=549"}],"version-history":[{"count":32,"href":"https:\/\/stojanmedical.com\/sma\/wp-json\/wp\/v2\/pages\/549\/revisions"}],"predecessor-version":[{"id":566,"href":"https:\/\/stojanmedical.com\/sma\/wp-json\/wp\/v2\/pages\/549\/revisions\/566"}],"up":[{"embeddable":true,"href":"https:\/\/stojanmedical.com\/sma\/wp-json\/wp\/v2\/pages\/6"}],"wp:attachment":[{"href":"https:\/\/stojanmedical.com\/sma\/wp-json\/wp\/v2\/media?parent=549"}],"curies":[{"name":"wp","href":"https:\/\/api.w.org\/{rel}","templated":true}]}}